{"id":467,"date":"2023-04-02T14:22:42","date_gmt":"2023-04-02T12:22:42","guid":{"rendered":"https:\/\/www.ecofil.hu\/?page_id=467"},"modified":"2023-04-11T13:34:20","modified_gmt":"2023-04-11T11:34:20","slug":"a-szures-hatekonysaga","status":"publish","type":"page","link":"https:\/\/www.ecofil.hu\/index.php\/a-szures-hatekonysaga\/","title":{"rendered":"A sz\u0171r\u00e9s hat\u00e9konys\u00e1ga"},"content":{"rendered":"<p>[et_pb_section fb_built=&#8221;1&#8243; _builder_version=&#8221;4.19.5&#8243; _module_preset=&#8221;default&#8221; background_color=&#8221;#E3E3E3&#8243; bottom_divider_style=&#8221;slant2&#8243; bottom_divider_color=&#8221;#E2AA49&#8243; bottom_divider_height=&#8221;30px&#8221; global_colors_info=&#8221;{}&#8221;][et_pb_row _builder_version=&#8221;4.20.2&#8243; _module_preset=&#8221;default&#8221; global_colors_info=&#8221;{}&#8221;][et_pb_column type=&#8221;4_4&#8243; _builder_version=&#8221;4.20.2&#8243; _module_preset=&#8221;default&#8221; global_colors_info=&#8221;{}&#8221;][et_pb_text _builder_version=&#8221;4.20.2&#8243; _module_preset=&#8221;default&#8221; text_text_color=&#8221;#080b18&#8243; text_font_size=&#8221;30px&#8221; global_colors_info=&#8221;{}&#8221;]<\/p>\n<p style=\"text-align: center;\">A sz\u0171r\u00e9s hat\u00e9konys\u00e1ga<\/p>\n<p>[\/et_pb_text][\/et_pb_column][\/et_pb_row][\/et_pb_section][et_pb_section fb_built=&#8221;1&#8243; _builder_version=&#8221;4.20.2&#8243; _module_preset=&#8221;default&#8221; background_enable_color=&#8221;off&#8221; background_image=&#8221;https:\/\/www.ecofil.hu\/wp-content\/uploads\/2023\/03\/bg6.png&#8221; top_divider_style=&#8221;slant2&#8243; top_divider_color=&#8221;#E2AA49&#8243; top_divider_height=&#8221;30px&#8221; bottom_divider_style=&#8221;slant2&#8243; bottom_divider_color=&#8221;#E2AA49&#8243; bottom_divider_height=&#8221;30px&#8221; global_colors_info=&#8221;{}&#8221;][et_pb_row _builder_version=&#8221;4.20.2&#8243; _module_preset=&#8221;default&#8221; background_color=&#8221;#E3E3E3&#8243; custom_padding=&#8221;|20px||20px|false|true&#8221; hover_enabled=&#8221;0&#8243; global_colors_info=&#8221;{}&#8221; sticky_enabled=&#8221;0&#8243;][et_pb_column type=&#8221;4_4&#8243; _builder_version=&#8221;4.19.5&#8243; _module_preset=&#8221;default&#8221; global_colors_info=&#8221;{}&#8221;][et_pb_text _builder_version=&#8221;4.20.2&#8243; _module_preset=&#8221;default&#8221; text_text_color=&#8221;#080B18&#8243; text_font_size=&#8221;16px&#8221; hover_enabled=&#8221;0&#8243; global_colors_info=&#8221;{}&#8221; sticky_enabled=&#8221;0&#8243;]<\/p>\n<p>A\u00a0sz\u0171r\u0151k a munkafolyad\u00e9kokban vagy m\u00e1s hordoz\u00f3kban tal\u00e1lhat\u00f3\u00a0szennyez\u0151d\u00e9sek elt\u00e1vol\u00edt\u00e1s\u00e1ra\u00a0vannak tervezve. F\u0151leg a\u00a0folyad\u00e9kok\/munkafolyad\u00e9kok sz\u0171r\u00e9s\u00e9vel \u00e9s azok vizsg\u00e1lat\u00e1val foglalkozik c\u00e9g\u00fcnk. A sz\u0171r\u00e9s \u00e9s sz\u0171r\u0151 hat\u00e9konys\u00e1g\u00e1t a\u00a0folyad\u00e9k sz\u0171r\u0151k\u00f6n kereszt\u00fcl val\u00f3 \u00e1tfoly\u00e1s\u00e1n\u00e1l felfogott r\u00e9szecsk\u00e9k mennyis\u00e9ge \u00e9s\u00a0nagys\u00e1ga hat\u00e1rozza meg.<\/p>\n<p>Hat\u00e9konys\u00e1g szempontj\u00e1b\u00f3l a\u00a0sz\u0171r\u00e9s lehet abszol\u00fat vagy nomin\u00e1lis. A hat\u00e9konys\u00e1g meg\u00e1llap\u00edt\u00e1sa\u00a0adott a pontosan meghat\u00e1rozott\u00a0szennyez\u0151d\u00e9sek haszn\u00e1lat\u00e1val, melyek hozz\u00e1ad\u00f3dnak a\u00a0munkafolyad\u00e9khoz. A\u00a0gyakorlatban gyakran haszn\u00e1lnak r\u00e9szecsk\u00e9ket, melyek \u00f6sszet\u00e9tel\u00e9t el\u0151\u00edrt szab\u00e1ly\u00a0hat\u00e1rozza meg.<\/p>\n<p>[\/et_pb_text][\/et_pb_column][\/et_pb_row][et_pb_row column_structure=&#8221;2_5,3_5&#8243; _builder_version=&#8221;4.20.2&#8243; _module_preset=&#8221;default&#8221; background_color=&#8221;#E3E3E3&#8243; custom_padding=&#8221;|20px||20px|false|true&#8221; global_colors_info=&#8221;{}&#8221;][et_pb_column type=&#8221;2_5&#8243; _builder_version=&#8221;4.20.2&#8243; _module_preset=&#8221;default&#8221; global_colors_info=&#8221;{}&#8221;][et_pb_image src=&#8221;https:\/\/www.ecofil.hu\/wp-content\/uploads\/2023\/04\/ucinnost_hu.png&#8221; title_text=&#8221;ucinnost_hu&#8221; _builder_version=&#8221;4.20.2&#8243; _module_preset=&#8221;default&#8221; global_colors_info=&#8221;{}&#8221;][\/et_pb_image][\/et_pb_column][et_pb_column type=&#8221;3_5&#8243; _builder_version=&#8221;4.20.2&#8243; _module_preset=&#8221;default&#8221; global_colors_info=&#8221;{}&#8221;][et_pb_text _builder_version=&#8221;4.20.2&#8243; _module_preset=&#8221;default&#8221; text_text_color=&#8221;#080B18&#8243; text_font_size=&#8221;16px&#8221; header_5_text_color=&#8221;#080B18&#8243; header_5_font_size=&#8221;15px&#8221; global_colors_info=&#8221;{}&#8221;]<\/p>\n<h5><strong>A sz\u0171r\u00e9s nomin\u00e1lis \u00e9s abszol\u00fat \u00e9rt\u00e9ke<\/strong><\/h5>\n<ol>\n<li>folyad\u00e9k<\/li>\n<li>sz\u00e1l a sz\u0171r\u0151 nomin\u00e1lis \u00e9rt\u00e9k\u00e9nek tesztel\u00e9s\u00e9re<\/li>\n<li>goly\u00f3cska a sz\u0171r\u0151 abszol\u00fat \u00e9rt\u00e9k\u00e9nek tesztel\u00e9s\u00e9re<\/li>\n<li>sz\u0171r\u0151m\u00e9dium (70 mikr\u00f3nos r\u00e1cs)<\/li>\n<\/ol>\n<p>[\/et_pb_text][\/et_pb_column][\/et_pb_row][et_pb_row _builder_version=&#8221;4.20.2&#8243; _module_preset=&#8221;default&#8221; background_color=&#8221;#E3E3E3&#8243; custom_padding=&#8221;|20px||20px|false|true&#8221; global_colors_info=&#8221;{}&#8221;][et_pb_column type=&#8221;4_4&#8243; _builder_version=&#8221;4.20.2&#8243; _module_preset=&#8221;default&#8221; global_colors_info=&#8221;{}&#8221;][et_pb_text _builder_version=&#8221;4.20.2&#8243; _module_preset=&#8221;default&#8221; text_text_color=&#8221;#080B18&#8243; text_font_size=&#8221;16px&#8221; global_colors_info=&#8221;{}&#8221;]<\/p>\n<h5><strong>A sz\u0171r\u0151 abszol\u00fat hat\u00e9konys\u00e1ga<\/strong><\/h5>\n<p>A sz\u0171r\u0151 abszol\u00fat hat\u00e9konys\u00e1g\u00e1t a\u00a0sz\u0171r\u0151n felfogott r\u00e9szecsk\u00e9k mennyis\u00e9ge mutatja \u00e9s %-ban van\u00a0megadva. A\u00a0tesztn\u00e9l olyan r\u00e9szecsk\u00e9ket haszn\u00e1lnak, melyek alakja \u00e9s m\u00e9rete nagyon hasonl\u00f3 (az\u00a0esetek t\u00f6bbs\u00e9g\u00e9ben a\u00a0r\u00e9szecsk\u00e9k form\u00e1ja g\u00f6mb\u00f6ly\u0171, vagy kocka alak\u00fa). Csak nagyon kicsi a\u00a0val\u00f3szin\u0171s\u00e9ge annak, hogy a a\u00a0\u00a0sz\u0171r\u0151r\u00e1cs r\u00e9seit\u0151l nagyobb r\u00e9szecsak\u00e9k \u00e1tjussanak a sz\u0171r\u0151n. Ezt\u00a0a\u00a0mennyis\u00e9get a\u00a0Beta \u00e9rt\u00e9k hat\u00e1rozza meg sz\u00e1munkra. Ez az \u00e9rt\u00e9k van felt\u00fcntetve a\u00a0sz\u0171r\u0151n \u00e9s ez\u00a0jellemzi a\u00a0sz\u0171r\u0151 alaptulajdons\u00e1g\u00e1t \u2013 sz\u0171r\u0151k\u00e9pess\u00e9g\u00e9t.<\/p>\n<h5><strong>A sz\u0171r\u0151 nomin\u00e1lis hat\u00e9konys\u00e1ga<\/strong><\/h5>\n<p>A sz\u0171r\u0151 nomin\u00e1lis hat\u00e9konys\u00e1g\u00e1t a\u00a0sz\u0171r\u0151n felfogott r\u00e9szecsk\u00e9k mennyis\u00e9ge mutatja \u00e9s %-ban van\u00a0megadva. Viszont ebben az estben a tesztr\u00e9szecsk\u00e9k alakja nem olyan pontos, mint az abszol\u00fat\u00a0hat\u00e9konys\u00e1g tesztel\u00e9s\u00e9n\u00e9l. Itt a\u00a0tesztel\u00e9shez 5 \u00b5 \u00e1tm\u00e9r\u0151j\u0171 henger alak\u00fa r\u00e9szecsk\u00e9ket haszn\u00e1lnak, de\u00a0hossz\u00fas\u00e1guk t\u00f6bb t\u00edz mikr\u00f3n lehet.\u00a0Hat\u00e9konys\u00e1ga a\u00a0sz\u0171r\u0151 m\u00e9diumra m\u00e1r nem olyan magas, mint az\u00a0abszol\u00fatn\u00e1l, mert a\u00a098%-os nomin\u00e1lis hat\u00e9konys\u00e1gn\u00e1l a\u00a0sz\u0171r\u0151n kereszt\u0171l \u00e1thaladhatnak nemcsak az 5\u00a0mikr\u00f3nos r\u00e9szecsk\u00e9k, hanem m\u00e9g a sokkal nyagyobbak is. Az abszol\u00fatn\u00e1l csak az\u00a05 mikr\u00f3nos\u00a0r\u00e9szecsk\u00e9k haladtak \u00e1t, de nagyobbak nem.<\/p>\n<p>A sz\u0171r\u0151m\u00e9dium nomin\u00e1lis hat\u00e9konys\u00e1ga<\/p>\n<h5><strong>A sz\u0171r\u0151 hat\u00e9konys\u00e1g\u00e1nak m\u00e9rt\u00e9ke<\/strong><\/h5>\n<p>Manaps\u00e1g m\u00e1r olyan sz\u0171r\u0151ket gy\u00e1rtanak, melyeknek magas a\u00a0nomin\u00e1lis \u00e9s abszol\u00fat hat\u00e9konys\u00e1ga is.\u00a0Az abszol\u00fat hat\u00e9konys\u00e1g\u00fa sz\u0171r\u0151k sokkal pontosabbak, mint a\u00a0nomin\u00e1lis\u00e9, ami az elt\u00e1vol\u00edtott\u00a0r\u00e9szecsk\u00e9k mennyis\u00e9g\u00e9t \u00e9s nagys\u00e1g\u00e1t illeti. A\u00a0magas abszolut hat\u00e9konys\u00e1g\u00fa sz\u0171r\u0151ket a\u00a0legt\u00f6bb\u00a0esetben magasnyom\u00e1s\u00fa hidraulikus rendszerekben haszn\u00e1lj\u00e1k, ahol a\u00a0finom sz\u0171r\u00e9sre van ig\u00e9ny.\u00a0H\u00e1tr\u00e1nyai az \u00e1ra \u00e9s elt\u00f6m\u0151d\u00e9sn\u00e9l az ar\u00e1nylag magas nyom\u00e1ses\u00e9s. Alacsony abszol\u00fat hat\u00e9konys\u00e1g\u00fa \u00e9s\u00a0a\u00a0magas nomin\u00e1lis hat\u00e9konys\u00e1g\u00fa sz\u0171r\u0151ket kev\u00e9sb\u00e9 ig\u00e9nyes nyom\u00e1s\u00fa rendszerekben haszn\u00e1lj\u00e1k, ezek\u00a0els\u0151sorban k\u00f6zepes \u00e9s alacsony nyom\u00e1s\u00faak (mint ken\u00e9s, szab\u00e1lyoz\u00e1s, megmunk\u00e1l\u00e1s, stb.)<\/p>\n<p>[\/et_pb_text][\/et_pb_column][\/et_pb_row][\/et_pb_section]<\/p>\n","protected":false},"excerpt":{"rendered":"<p>A sz\u0171r\u00e9s hat\u00e9konys\u00e1gaA\u00a0sz\u0171r\u0151k a munkafolyad\u00e9kokban vagy m\u00e1s hordoz\u00f3kban tal\u00e1lhat\u00f3\u00a0szennyez\u0151d\u00e9sek elt\u00e1vol\u00edt\u00e1s\u00e1ra\u00a0vannak tervezve. F\u0151leg a\u00a0folyad\u00e9kok\/munkafolyad\u00e9kok sz\u0171r\u00e9s\u00e9vel \u00e9s azok vizsg\u00e1lat\u00e1val foglalkozik c\u00e9g\u00fcnk. A sz\u0171r\u00e9s \u00e9s sz\u0171r\u0151 hat\u00e9konys\u00e1g\u00e1t a\u00a0folyad\u00e9k sz\u0171r\u0151k\u00f6n kereszt\u00fcl val\u00f3 \u00e1tfoly\u00e1s\u00e1n\u00e1l felfogott r\u00e9szecsk\u00e9k mennyis\u00e9ge \u00e9s\u00a0nagys\u00e1ga hat\u00e1rozza meg. Hat\u00e9konys\u00e1g szempontj\u00e1b\u00f3l a\u00a0sz\u0171r\u00e9s lehet abszol\u00fat vagy nomin\u00e1lis. A hat\u00e9konys\u00e1g meg\u00e1llap\u00edt\u00e1sa\u00a0adott a pontosan meghat\u00e1rozott\u00a0szennyez\u0151d\u00e9sek haszn\u00e1lat\u00e1val, melyek hozz\u00e1ad\u00f3dnak a\u00a0munkafolyad\u00e9khoz. A\u00a0gyakorlatban gyakran haszn\u00e1lnak [&hellip;]<\/p>\n","protected":false},"author":1,"featured_media":0,"parent":0,"menu_order":0,"comment_status":"closed","ping_status":"closed","template":"","meta":{"_et_pb_use_builder":"on","_et_pb_old_content":"","_et_gb_content_width":"","footnotes":""},"class_list":["post-467","page","type-page","status-publish","hentry"],"_links":{"self":[{"href":"https:\/\/www.ecofil.hu\/index.php\/wp-json\/wp\/v2\/pages\/467","targetHints":{"allow":["GET"]}}],"collection":[{"href":"https:\/\/www.ecofil.hu\/index.php\/wp-json\/wp\/v2\/pages"}],"about":[{"href":"https:\/\/www.ecofil.hu\/index.php\/wp-json\/wp\/v2\/types\/page"}],"author":[{"embeddable":true,"href":"https:\/\/www.ecofil.hu\/index.php\/wp-json\/wp\/v2\/users\/1"}],"replies":[{"embeddable":true,"href":"https:\/\/www.ecofil.hu\/index.php\/wp-json\/wp\/v2\/comments?post=467"}],"version-history":[{"count":3,"href":"https:\/\/www.ecofil.hu\/index.php\/wp-json\/wp\/v2\/pages\/467\/revisions"}],"predecessor-version":[{"id":555,"href":"https:\/\/www.ecofil.hu\/index.php\/wp-json\/wp\/v2\/pages\/467\/revisions\/555"}],"wp:attachment":[{"href":"https:\/\/www.ecofil.hu\/index.php\/wp-json\/wp\/v2\/media?parent=467"}],"curies":[{"name":"wp","href":"https:\/\/api.w.org\/{rel}","templated":true}]}}