{"id":459,"date":"2023-04-02T14:18:59","date_gmt":"2023-04-02T12:18:59","guid":{"rendered":"https:\/\/www.ecofil.hu\/?page_id=459"},"modified":"2023-04-02T14:18:59","modified_gmt":"2023-04-02T12:18:59","slug":"melyszures","status":"publish","type":"page","link":"https:\/\/www.ecofil.hu\/index.php\/melyszures\/","title":{"rendered":"M\u00e9lysz\u0171r\u00e9s"},"content":{"rendered":"<p>[et_pb_section fb_built=&#8221;1&#8243; _builder_version=&#8221;4.19.5&#8243; _module_preset=&#8221;default&#8221; background_color=&#8221;#E3E3E3&#8243; bottom_divider_style=&#8221;slant2&#8243; bottom_divider_color=&#8221;#E2AA49&#8243; bottom_divider_height=&#8221;30px&#8221; global_colors_info=&#8221;{}&#8221; theme_builder_area=&#8221;post_content&#8221;][et_pb_row _builder_version=&#8221;4.20.2&#8243; _module_preset=&#8221;default&#8221; global_colors_info=&#8221;{}&#8221; theme_builder_area=&#8221;post_content&#8221;][et_pb_column type=&#8221;4_4&#8243; _builder_version=&#8221;4.20.2&#8243; _module_preset=&#8221;default&#8221; global_colors_info=&#8221;{}&#8221; theme_builder_area=&#8221;post_content&#8221;][et_pb_text _builder_version=&#8221;4.20.2&#8243; _module_preset=&#8221;default&#8221; text_text_color=&#8221;#080b18&#8243; text_font_size=&#8221;30px&#8221; hover_enabled=&#8221;0&#8243; global_colors_info=&#8221;{}&#8221; theme_builder_area=&#8221;post_content&#8221; sticky_enabled=&#8221;0&#8243;]<\/p>\n<p style=\"text-align: center;\">M\u00e9lysz\u0171r\u00e9s<\/p>\n<p>[\/et_pb_text][\/et_pb_column][\/et_pb_row][\/et_pb_section][et_pb_section fb_built=&#8221;1&#8243; _builder_version=&#8221;4.20.2&#8243; _module_preset=&#8221;default&#8221; background_enable_color=&#8221;off&#8221; background_image=&#8221;https:\/\/www.ecofil.hu\/wp-content\/uploads\/2023\/03\/bg6.png&#8221; top_divider_style=&#8221;slant2&#8243; top_divider_color=&#8221;#E2AA49&#8243; top_divider_height=&#8221;30px&#8221; bottom_divider_style=&#8221;slant2&#8243; bottom_divider_color=&#8221;#E2AA49&#8243; bottom_divider_height=&#8221;30px&#8221; global_colors_info=&#8221;{}&#8221; theme_builder_area=&#8221;post_content&#8221;][et_pb_row _builder_version=&#8221;4.20.2&#8243; _module_preset=&#8221;default&#8221; background_color=&#8221;#E3E3E3&#8243; custom_padding=&#8221;|20px||20px|false|true&#8221; global_colors_info=&#8221;{}&#8221; theme_builder_area=&#8221;post_content&#8221;][et_pb_column type=&#8221;4_4&#8243; _builder_version=&#8221;4.19.5&#8243; _module_preset=&#8221;default&#8221; global_colors_info=&#8221;{}&#8221; theme_builder_area=&#8221;post_content&#8221;][et_pb_text _builder_version=&#8221;4.20.2&#8243; _module_preset=&#8221;default&#8221; text_text_color=&#8221;#080B18&#8243; text_font_size=&#8221;16px&#8221; hover_enabled=&#8221;0&#8243; global_colors_info=&#8221;{}&#8221; theme_builder_area=&#8221;post_content&#8221; sticky_enabled=&#8221;0&#8243;]<\/p>\n<p>A m\u00e9lys\u0171r\u00e9s a\u00a0mechanikus sz\u0171r\u00e9s egyik alap t\u00edpusa, amely a\u00a0sz\u0171r\u0151 m\u00e9diumt\u00f3l f\u00fcgg \u00e9s a\u00a0sz\u0171r\u0151\u00a0m\u00e9dium m\u00e9lys\u00e9g\u00e9ben t\u00f6rt\u00e9nik.<\/p>\n<p>E sz\u0171r\u00e9s mechanizmusa \u00f6sszetettebb. A\u00a0r\u00e9szecsk\u00e9k p\u00e1ly\u00e1ja a\u00a0sz\u0171r\u0151n kereszt\u00fcl sokkal hosszabb \u00e9s\u00a0tekerv\u00e9nyesebb, amivel el\u00e9ri a\u00a0r\u00e9szecsk\u00e9k felfog\u00e1s\u00e1nak \u00f3ri\u00e1si k\u00e9pess\u00e9g\u00e9t a sz\u0171r\u0151ben. A\u00a0nagy\u00a0r\u00e9szecsk\u00e9k a\u00a0fel\u00fcleti r\u00e9szen fog\u00f3dnak fel, a\u00a0nagyon finomak pedig a\u00a0bels\u0151 s\u0171r\u00fcbb r\u00e9tegekben.\u00a0Az\u00a0egyforma nagys\u00e1g\u00fa r\u00e9szecsk\u00e9k enn\u00e9l a\u00a0sz\u0171r\u0151 m\u00f3dszern\u00e9l a\u00a0bels\u0151 r\u00e9tegekt\u0151l a\u00a0k\u00fcls\u0151kig rak\u00f3dnak\u00a0le, ami a\u00a0sz\u0171r\u00e9s hat\u00e9konys\u00e1g\u00e1nak szempontj\u00e1b\u00f3l nagyon fontos tulajdons\u00e1g. A bels\u0151 r\u00e9tegek\u00a0\u00f6sszet\u00e9tel\u00e9nek hat\u00e1s\u00e1ra a\u00a0kis r\u00e9szecsk\u00e9k dif\u00fazi\u00f3ja sokkal kisebb \u00e9s k\u00e9pes kialak\u00edtani \u00e9s felfogni\u00a0r\u00e9szecsketorl\u00f3d\u00e1sokat 1 \u00b5m nagys\u00e1gig. Szint\u00e9n meg kell jegyezni, hogy a\u00a0m\u00e9lysz\u0171r\u00e9s k\u00f6vetkezm\u00e9nye\u00a0a\u00a0magasabb nyom\u00e1ses\u00e9s, mint a\u00a0fel\u00fcleti sz\u0171r\u00e9sn\u00e9l. Ezt az elvet a\u00a0magas viszkozit\u00e1s\u00fa folyad\u00e9kon k\u00edv\u00fcl\u00a0is nagyon sikeresen kihaszn\u00e1lj\u00e1k a\u00a0g\u00e1zok sz\u0171r\u00e9s\u00e9n\u00e9l.<\/p>\n<p>[\/et_pb_text][\/et_pb_column][\/et_pb_row][et_pb_row column_structure=&#8221;2_5,3_5&#8243; _builder_version=&#8221;4.20.2&#8243; _module_preset=&#8221;default&#8221; background_color=&#8221;#E3E3E3&#8243; custom_padding=&#8221;|20px||20px|false|true&#8221; global_colors_info=&#8221;{}&#8221; theme_builder_area=&#8221;post_content&#8221;][et_pb_column type=&#8221;2_5&#8243; _builder_version=&#8221;4.20.2&#8243; _module_preset=&#8221;default&#8221; global_colors_info=&#8221;{}&#8221; theme_builder_area=&#8221;post_content&#8221;][et_pb_image src=&#8221;https:\/\/www.ecofil.hu\/wp-content\/uploads\/2023\/04\/06_hu.png&#8221; title_text=&#8221;06_hu&#8221; _builder_version=&#8221;4.20.2&#8243; _module_preset=&#8221;default&#8221; hover_enabled=&#8221;0&#8243; global_colors_info=&#8221;{}&#8221; theme_builder_area=&#8221;post_content&#8221; sticky_enabled=&#8221;0&#8243;][\/et_pb_image][\/et_pb_column][et_pb_column type=&#8221;3_5&#8243; _builder_version=&#8221;4.20.2&#8243; _module_preset=&#8221;default&#8221; global_colors_info=&#8221;{}&#8221; theme_builder_area=&#8221;post_content&#8221;][et_pb_text _builder_version=&#8221;4.20.2&#8243; _module_preset=&#8221;default&#8221; text_text_color=&#8221;#080B18&#8243; text_font_size=&#8221;16px&#8221; header_5_text_color=&#8221;#080B18&#8243; header_5_font_size=&#8221;15px&#8221; hover_enabled=&#8221;0&#8243; global_colors_info=&#8221;{}&#8221; theme_builder_area=&#8221;post_content&#8221; sticky_enabled=&#8221;0&#8243;]<\/p>\n<h5><strong>A r\u00e9szek elhelyez\u00e9s\u00e9nek m\u00f3dja m\u00e9lyszit\u00e1l\u00e1skor<\/strong><\/h5>\n<ol>\n<li>folyad\u00e9k a sz\u0171r\u0151be val\u00f3 bel\u00e9p\u00e9sn\u00e9l<\/li>\n<li>szennyez\u0151d\u00e9sek<\/li>\n<li>sz\u0171r\u0151m\u00e9dium<\/li>\n<li>hat\u00e1rny\u00edl\u00e1s<\/li>\n<li>folyad\u00e9k sz\u0171r\u0151b\u0151l val\u00f3 kil\u00e9p\u00e9sn\u00e9l<\/li>\n<\/ol>\n<p>[\/et_pb_text][\/et_pb_column][\/et_pb_row][et_pb_row column_structure=&#8221;2_5,3_5&#8243; _builder_version=&#8221;4.20.2&#8243; _module_preset=&#8221;default&#8221; background_color=&#8221;#E3E3E3&#8243; custom_padding=&#8221;|20px||20px|false|true&#8221; global_colors_info=&#8221;{}&#8221; theme_builder_area=&#8221;post_content&#8221;][et_pb_column type=&#8221;2_5&#8243; _builder_version=&#8221;4.20.2&#8243; _module_preset=&#8221;default&#8221; global_colors_info=&#8221;{}&#8221; theme_builder_area=&#8221;post_content&#8221;][et_pb_image src=&#8221;https:\/\/www.ecofil.hu\/wp-content\/uploads\/2023\/04\/04_hu.png&#8221; title_text=&#8221;04_hu&#8221; _builder_version=&#8221;4.20.2&#8243; _module_preset=&#8221;default&#8221; hover_enabled=&#8221;0&#8243; global_colors_info=&#8221;{}&#8221; theme_builder_area=&#8221;post_content&#8221; sticky_enabled=&#8221;0&#8243;][\/et_pb_image][\/et_pb_column][et_pb_column type=&#8221;3_5&#8243; _builder_version=&#8221;4.20.2&#8243; _module_preset=&#8221;default&#8221; global_colors_info=&#8221;{}&#8221; theme_builder_area=&#8221;post_content&#8221;][et_pb_text _builder_version=&#8221;4.20.2&#8243; _module_preset=&#8221;default&#8221; text_text_color=&#8221;#080B18&#8243; text_font_size=&#8221;16px&#8221; header_5_text_color=&#8221;#080B18&#8243; header_5_font_size=&#8221;15px&#8221; hover_enabled=&#8221;0&#8243; global_colors_info=&#8221;{}&#8221; theme_builder_area=&#8221;post_content&#8221; sticky_enabled=&#8221;0&#8243;]<\/p>\n<h5><strong>A r\u00e9szek elhelyez\u00e9s\u00e9nek m\u00f3dja m\u00e9lysz\u0171r\u00e9sn\u00e9l<\/strong><\/h5>\n<ol>\n<li>folyad\u00e9k a sz\u0171r\u0151be val\u00f3 bel\u00e9p\u00e9sn\u00e9l<\/li>\n<li>szennyez\u0151d\u00e9sek<\/li>\n<li>sz\u0171r\u0151m\u00e9dium<\/li>\n<li>hat\u00e1rny\u00edl\u00e1s<\/li>\n<li>folyad\u00e9k sz\u0171r\u0151b\u0151l val\u00f3 kil\u00e9p\u00e9sn\u00e9l<\/li>\n<\/ol>\n<p>[\/et_pb_text][\/et_pb_column][\/et_pb_row][\/et_pb_section]<\/p>\n","protected":false},"excerpt":{"rendered":"<p>M\u00e9lysz\u0171r\u00e9sA m\u00e9lys\u0171r\u00e9s a\u00a0mechanikus sz\u0171r\u00e9s egyik alap t\u00edpusa, amely a\u00a0sz\u0171r\u0151 m\u00e9diumt\u00f3l f\u00fcgg \u00e9s a\u00a0sz\u0171r\u0151\u00a0m\u00e9dium m\u00e9lys\u00e9g\u00e9ben t\u00f6rt\u00e9nik. E sz\u0171r\u00e9s mechanizmusa \u00f6sszetettebb. A\u00a0r\u00e9szecsk\u00e9k p\u00e1ly\u00e1ja a\u00a0sz\u0171r\u0151n kereszt\u00fcl sokkal hosszabb \u00e9s\u00a0tekerv\u00e9nyesebb, amivel el\u00e9ri a\u00a0r\u00e9szecsk\u00e9k felfog\u00e1s\u00e1nak \u00f3ri\u00e1si k\u00e9pess\u00e9g\u00e9t a sz\u0171r\u0151ben. A\u00a0nagy\u00a0r\u00e9szecsk\u00e9k a\u00a0fel\u00fcleti r\u00e9szen fog\u00f3dnak fel, a\u00a0nagyon finomak pedig a\u00a0bels\u0151 s\u0171r\u00fcbb r\u00e9tegekben.\u00a0Az\u00a0egyforma nagys\u00e1g\u00fa r\u00e9szecsk\u00e9k enn\u00e9l a\u00a0sz\u0171r\u0151 m\u00f3dszern\u00e9l a\u00a0bels\u0151 r\u00e9tegekt\u0151l a\u00a0k\u00fcls\u0151kig rak\u00f3dnak\u00a0le, ami [&hellip;]<\/p>\n","protected":false},"author":1,"featured_media":0,"parent":0,"menu_order":0,"comment_status":"closed","ping_status":"closed","template":"","meta":{"_et_pb_use_builder":"on","_et_pb_old_content":"","_et_gb_content_width":"","footnotes":""},"class_list":["post-459","page","type-page","status-publish","hentry"],"_links":{"self":[{"href":"https:\/\/www.ecofil.hu\/index.php\/wp-json\/wp\/v2\/pages\/459","targetHints":{"allow":["GET"]}}],"collection":[{"href":"https:\/\/www.ecofil.hu\/index.php\/wp-json\/wp\/v2\/pages"}],"about":[{"href":"https:\/\/www.ecofil.hu\/index.php\/wp-json\/wp\/v2\/types\/page"}],"author":[{"embeddable":true,"href":"https:\/\/www.ecofil.hu\/index.php\/wp-json\/wp\/v2\/users\/1"}],"replies":[{"embeddable":true,"href":"https:\/\/www.ecofil.hu\/index.php\/wp-json\/wp\/v2\/comments?post=459"}],"version-history":[{"count":3,"href":"https:\/\/www.ecofil.hu\/index.php\/wp-json\/wp\/v2\/pages\/459\/revisions"}],"predecessor-version":[{"id":466,"href":"https:\/\/www.ecofil.hu\/index.php\/wp-json\/wp\/v2\/pages\/459\/revisions\/466"}],"wp:attachment":[{"href":"https:\/\/www.ecofil.hu\/index.php\/wp-json\/wp\/v2\/media?parent=459"}],"curies":[{"name":"wp","href":"https:\/\/api.w.org\/{rel}","templated":true}]}}