{"id":447,"date":"2023-04-02T14:10:01","date_gmt":"2023-04-02T12:10:01","guid":{"rendered":"https:\/\/www.ecofil.hu\/?page_id=447"},"modified":"2023-04-02T14:10:01","modified_gmt":"2023-04-02T12:10:01","slug":"szures-uj-generacioja","status":"publish","type":"page","link":"https:\/\/www.ecofil.hu\/index.php\/szures-uj-generacioja\/","title":{"rendered":"Sz\u0171r\u00e9s \u00faj gener\u00e1ci\u00f3ja"},"content":{"rendered":"<p>[et_pb_section fb_built=&#8221;1&#8243; _builder_version=&#8221;4.19.5&#8243; _module_preset=&#8221;default&#8221; background_color=&#8221;#E3E3E3&#8243; bottom_divider_style=&#8221;slant2&#8243; bottom_divider_color=&#8221;#E2AA49&#8243; bottom_divider_height=&#8221;30px&#8221; global_colors_info=&#8221;{}&#8221; theme_builder_area=&#8221;post_content&#8221;][et_pb_row _builder_version=&#8221;4.20.2&#8243; _module_preset=&#8221;default&#8221; global_colors_info=&#8221;{}&#8221; theme_builder_area=&#8221;post_content&#8221;][et_pb_column type=&#8221;4_4&#8243; _builder_version=&#8221;4.20.2&#8243; _module_preset=&#8221;default&#8221; global_colors_info=&#8221;{}&#8221; theme_builder_area=&#8221;post_content&#8221;][et_pb_text _builder_version=&#8221;4.20.2&#8243; _module_preset=&#8221;default&#8221; text_text_color=&#8221;#080b18&#8243; text_font_size=&#8221;30px&#8221; hover_enabled=&#8221;0&#8243; global_colors_info=&#8221;{}&#8221; theme_builder_area=&#8221;post_content&#8221; sticky_enabled=&#8221;0&#8243;]<\/p>\n<p style=\"text-align: center;\">Sz\u0171r\u00e9s \u00faj gener\u00e1ci\u00f3ja<\/p>\n<p>[\/et_pb_text][\/et_pb_column][\/et_pb_row][\/et_pb_section][et_pb_section fb_built=&#8221;1&#8243; _builder_version=&#8221;4.20.2&#8243; _module_preset=&#8221;default&#8221; background_enable_color=&#8221;off&#8221; background_image=&#8221;https:\/\/www.ecofil.hu\/wp-content\/uploads\/2023\/03\/bg6.png&#8221; top_divider_style=&#8221;slant2&#8243; top_divider_color=&#8221;#E2AA49&#8243; top_divider_height=&#8221;30px&#8221; bottom_divider_style=&#8221;slant2&#8243; bottom_divider_color=&#8221;#E2AA49&#8243; bottom_divider_height=&#8221;30px&#8221; global_colors_info=&#8221;{}&#8221; theme_builder_area=&#8221;post_content&#8221;][et_pb_row _builder_version=&#8221;4.20.2&#8243; _module_preset=&#8221;default&#8221; background_color=&#8221;#E3E3E3&#8243; custom_padding=&#8221;|20px||20px|false|true&#8221; global_colors_info=&#8221;{}&#8221; theme_builder_area=&#8221;post_content&#8221;][et_pb_column type=&#8221;4_4&#8243; _builder_version=&#8221;4.19.5&#8243; _module_preset=&#8221;default&#8221; global_colors_info=&#8221;{}&#8221; theme_builder_area=&#8221;post_content&#8221;][et_pb_text _builder_version=&#8221;4.20.2&#8243; _module_preset=&#8221;default&#8221; text_text_color=&#8221;#080B18&#8243; text_font_size=&#8221;16px&#8221; hover_enabled=&#8221;0&#8243; global_colors_info=&#8221;{}&#8221; theme_builder_area=&#8221;post_content&#8221; sticky_enabled=&#8221;0&#8243;]<\/p>\n<p>Az alkot\u00f3elemek \u00e9lettartam\u00e1nak \u00e9s az olajcsere peri\u00f3dus\u00e1nak meghosszabb\u00edt\u00e1s\u00e1ra t\u00f6bbre van\u00a0sz\u00fcks\u00e9g\u00fck, mint az \u00e1tlagos olaj \u00e9s sz\u0171r\u0151.<\/p>\n<p>A\u00a02009-t\u0151l gy\u00e1rtott motorok megfelelnek a\u00a0szigor\u00fabb emisszi\u00f3s k\u00f6vetelm\u00e9nyeknek, m\u00edg magasabb\u00a0h\u0151m\u00e9rs\u00e9klet mellett m\u0171k\u00f6dnek, jelent\u0151sen magasabb az olaj szennyezetts\u00e9ge. A\u00a0rendszerben\u00a0l\u00e9v\u0151\u00a0hagyom\u00e1nyos sz\u0171r\u0151k teljes\u00e1tfoly\u00e1s\u00faak, ami azt jelenti, hogy \u00e1tsz\u0171rik a\u00a0teljes olajmennyis\u00e9get\u00a0amelyik bel\u00e9p a\u00a0sz\u0171r\u0151be \u00e9s elt\u00e1vol\u00edtj\u00e1k a\u00a025 mikr\u00f3nt\u00f3l nagyobb mikror\u00e9szecsk\u00e9ket egy \u00e1tfoly\u00e1sn\u00e1l.\u00a0Ezek a\u00a0sz\u0171r\u0151k \u00fagy vannak tervezve, hogy nagy \u00e1raml\u00e1s mellett t\u00e1vol\u00edts\u00e1k el a\u00a0r\u00e9szecsk\u00e9ket, ami\u00a0korl\u00e1tozza k\u00e9pess\u00e9g\u00fcket \u00e1tsz\u0171rni az 1 -15 mikr\u00f3n nagys\u00e1g\u00fa mikror\u00e9szecsk\u00e9ket (pl. korom, sz\u00e9n).\u00a0A\u00a0motor kop\u00e1s\u00e1nak f\u0151 ok\u00e1t a nagyon kis r\u00e9szecsk\u00e9kb\u0151l \u00e1ll\u00f3 szennyez\u0151d\u00e9sek k\u00e9pviselik. Ezen fel\u00fcl\u00a0ezek a\u00a0sz\u0171r\u0151k egyeltal\u00e1n nem t\u00e1vol\u00edtj\u00e1k el az \u00e9g\u00e9sn\u00e9l keletkezett\u00a0vizet. V\u00e9g\u00fcl ez okozza a\u00a0sav\u00a0keletkez\u00e9s\u00e9t az olajban, amivel felgyorsul a\u00a0hat\u00e9kony adal\u00e9kanyagok cs\u00f6kken\u00e9se \u00e9s n\u00f6veli a\u00a0korr\u00f3zi\u00f3s\u00a0folyamatokat a\u00a0motorban.<\/p>\n<p>A\u00a0teljes\u00e1tfoly\u00e1s\u00fa sz\u0171r\u0151 mag\u00e1ban nem k\u00e9pes \u00e1lland\u00f3an tiszt\u00e1n tartani az olajt, korl\u00e1tozni a\u00a0motor\u00a0kop\u00e1s\u00e1t, vagy meghosszabb\u00edtani az olaj \u00e9lettartam\u00e1t. A\u00a0k\u00fcls\u0151 szennyez\u0151d\u00e9sek a\u00a0magasnyom\u00e1s\u00fa\u00a0rendszerekben k\u00fcl\u00f6nb\u00f6z\u0151 forr\u00e1sokb\u00f3l sz\u00e1rmaznak: mint pl. \u201ea szennyezett \u00faj nem haszn\u00e1lt olaj\u201c,\u00a0a\u00a0leveg\u0151ben l\u00e9v\u0151 porr\u00e9szecsk\u00e9k, a\u00a0leveg\u0151nedvess\u00e9g ami a\u00a0rendszerbe term\u00e9szetesen ker\u00fcl be \u00a0sz\u00edv\u00e1s\u00a0\u00e1ltal, dugatty\u00fak \u00e9s tengelyek t\u00f6m\u00edt\u00e9s\u00e9n\u00e9l, s\u0151t m\u00e9g a\u00a0rendszer \u00e1ltal\u00e1nos karbantart\u00e1s\u00e1n\u00e1l is. A bels\u0151\u00a0szennyez\u0151d\u00e9s az id\u0151 m\u00fal\u00e1s\u00e1val is n\u00f6vekszik \u00f6nszennyez\u0151d\u00e9s hat\u00e1s\u00e1ra. A\u00a0f\u0151 magasnyom\u00e1s\u00fa sz\u0171r\u0151k\u00a0csak\u00a010 \u00b5m-t\u00f3l nagyobb r\u00e9szecsk\u00e9ket k\u00e9pesek felfogni (az emberi haj vastags\u00e1ga = 50 \u00b5m,\u00a0a\u00a0bakt\u00e9rium\u00e9 = 2 \u00b5m) \u00e9s korl\u00e1tozott lehet\u0151s\u00e9gei vannak a\u00a0v\u00edz \u00e9s a\u00a0nagy mennyis\u00e9g\u0171 kisebb\u00a0mikror\u00e9szecsk\u00e9k elt\u00e1vol\u00edt\u00e1s\u00e1ra, ez \u00e1ltal sor ker\u00fcl a\u00a0f\u00e9mek kop\u00e1s\u00e1ra. Id\u0151vel ezek a\u00a0r\u00e9szecsk\u00e9k\u00a0felhalmoz\u00f3dnak \u00e9s abraz\u00edv hat\u00e1st hoznak l\u00e9ttre a\u00a0rendszerben. A v\u00edz jelenl\u00e9t\u00e9vel \u00e9s a\u00a0savk\u00e9pz\u00e9ssel\u00a0egy\u00fctt a\u00a0rendszer gyors\u00edtott er\u00f3zi\u00f3nak van kit\u00e9ve, k\u00f6sz\u00f6r\u00fcl\u0151 \u00e9s adhez\u00edv kop\u00e1snak, kavit\u00e1ci\u00f3nak,\u00a0f\u00e1radts\u00e1gnak, oxid\u00e1ci\u00f3nak, gumi \u00e9s iszap k\u00e9pz\u0151d\u00e9snek, ami cs\u00f6kkenti az alkatr\u00e9szek \u00e9lettartam\u00e1t \u00e9s\u00a0hat\u00e9konys\u00e1g\u00e1t, \u00e9s id\u0151vel bek\u00f6vetkezik a v\u00e9gzetes meghib\u00e1sod\u00e1s. A\u00a0v\u00edz \u00e9s a\u00a0legkisebb r\u00e9szecsk\u00e9k\u00a0elt\u00e1vol\u00edt\u00e1sa n\u00e9lk\u00fcl a teljes\u00e1tfoly\u00e1s\u00fa sz\u0171r\u0151k nem k\u00e9pesek teljesen tiszt\u00e1n tartani az olajt.<\/p>\n<p>A\u00a0p\u00f3tsz\u0171r\u00e9s k\u00e9pes az olaj tiszt\u00edt\u00e1s\u00e1ra alacsony \u00e1tfoly\u00e1s mellett, felfogni a r\u00e9szecsk\u00e9ket m\u00e1r 1 \u00b5m\u00a0nagys\u00e1gt\u00f3l pontos t\u00f6bbr\u00e9teg\u0171 sz\u0171r\u0151k seg\u00edts\u00e9g\u00e9vel, axi\u00e1lis \u00e1raml\u00e1ssal a\u00a0cellul\u00f3z bet\u00e9ten kereszt\u00fcl.\u00a0A\u00a0bet\u00e9t elt\u00e1vol\u00edtja a nagyon kis r\u00e9szecsk\u00e9ket \u00e9s a\u00a0vizet, amelyeket a\u00a0szok\u00e1sos sz\u0171r\u0151k nem fognak fel.\u00a0A\u00a0sz\u0171r\u00e9snek n\u00e9gy szakasza van \u00e9s a\u00a0sz\u0171r\u0151bet\u00e9tek \u00fagy vannak tervezve, hogy eleget tegyenek az \u00faj\u00a0gener\u00e1ci\u00f3s motorokra vonatkoz\u00f3 k\u00f6vetelm\u00e9nyenek is. Fel vannak szerelve a\u00a0szennyez\u0151d\u00e9s fok\u00e1t\u00a0ellen\u0151rz\u0151 szofisztikus rendszerrel, bele\u00e9rtve a\u00a0kipufog\u00f3g\u00e1z minden tipus\u00e1nak recirkul\u00e1ci\u00f3j\u00e1t (EGR),\u00a0a\u00a0korom sz\u0171r\u00e9se a\u00a0robban\u00f3motorn\u00e1l (DPF) \u00e9s ACERT technol\u00f3gi\u00e1k. K\u00e9pess\u00e9g\u00fck hat\u00e9konyan dolgozni\u00a0az ilyen magas szennyezetts\u00e9g\u0171 motorokban az ECOFIL sz\u0171r\u0151elemek haszn\u00e1lata kimagasl\u00f3 el\u0151ny\u0171\u00a0a\u00a02010 el\u0151tt gy\u00e1rtott motorokban is.<\/p>\n<p>A\u00a0hidraulikus \u00e9s m\u00e1s magynyom\u00e1s\u00fa redszerekben l\u00e9v\u0151 sz\u0171r\u0151k \u00fagy vannnak tervezve, hogy\u00a0megfeleljenek a\u00a0proporcion\u00e1lis szelepek k\u00f6vetelm\u00e9nyeinek az olaj magas tisztas\u00e1g\u00e1ra, ami sz\u00fcks\u00e9ges\u00a0a\u00a0pontoss\u00e1ghoz, stabilit\u00e1shoz, a\u00a0pontos be\u00e1ll\u00edt\u00e1shoz, a\u00a0megfelel\u0151 gyorsas\u00e1ghoz \u00e9s a\u00a0gyorsul\u00e1s\u00a0ellen\u0151rz\u00e9s\u00e9hez.<\/p>\n<p>[\/et_pb_text][\/et_pb_column][\/et_pb_row][\/et_pb_section]<\/p>\n","protected":false},"excerpt":{"rendered":"<p>Sz\u0171r\u00e9s \u00faj gener\u00e1ci\u00f3jaAz alkot\u00f3elemek \u00e9lettartam\u00e1nak \u00e9s az olajcsere peri\u00f3dus\u00e1nak meghosszabb\u00edt\u00e1s\u00e1ra t\u00f6bbre van\u00a0sz\u00fcks\u00e9g\u00fck, mint az \u00e1tlagos olaj \u00e9s sz\u0171r\u0151. A\u00a02009-t\u0151l gy\u00e1rtott motorok megfelelnek a\u00a0szigor\u00fabb emisszi\u00f3s k\u00f6vetelm\u00e9nyeknek, m\u00edg magasabb\u00a0h\u0151m\u00e9rs\u00e9klet mellett m\u0171k\u00f6dnek, jelent\u0151sen magasabb az olaj szennyezetts\u00e9ge. A\u00a0rendszerben\u00a0l\u00e9v\u0151\u00a0hagyom\u00e1nyos sz\u0171r\u0151k teljes\u00e1tfoly\u00e1s\u00faak, ami azt jelenti, hogy \u00e1tsz\u0171rik a\u00a0teljes olajmennyis\u00e9get\u00a0amelyik bel\u00e9p a\u00a0sz\u0171r\u0151be \u00e9s elt\u00e1vol\u00edtj\u00e1k a\u00a025 mikr\u00f3nt\u00f3l nagyobb mikror\u00e9szecsk\u00e9ket egy \u00e1tfoly\u00e1sn\u00e1l.\u00a0Ezek a\u00a0sz\u0171r\u0151k [&hellip;]<\/p>\n","protected":false},"author":1,"featured_media":0,"parent":0,"menu_order":0,"comment_status":"closed","ping_status":"closed","template":"","meta":{"_et_pb_use_builder":"on","_et_pb_old_content":"","_et_gb_content_width":"","footnotes":""},"class_list":["post-447","page","type-page","status-publish","hentry"],"_links":{"self":[{"href":"https:\/\/www.ecofil.hu\/index.php\/wp-json\/wp\/v2\/pages\/447","targetHints":{"allow":["GET"]}}],"collection":[{"href":"https:\/\/www.ecofil.hu\/index.php\/wp-json\/wp\/v2\/pages"}],"about":[{"href":"https:\/\/www.ecofil.hu\/index.php\/wp-json\/wp\/v2\/types\/page"}],"author":[{"embeddable":true,"href":"https:\/\/www.ecofil.hu\/index.php\/wp-json\/wp\/v2\/users\/1"}],"replies":[{"embeddable":true,"href":"https:\/\/www.ecofil.hu\/index.php\/wp-json\/wp\/v2\/comments?post=447"}],"version-history":[{"count":2,"href":"https:\/\/www.ecofil.hu\/index.php\/wp-json\/wp\/v2\/pages\/447\/revisions"}],"predecessor-version":[{"id":450,"href":"https:\/\/www.ecofil.hu\/index.php\/wp-json\/wp\/v2\/pages\/447\/revisions\/450"}],"wp:attachment":[{"href":"https:\/\/www.ecofil.hu\/index.php\/wp-json\/wp\/v2\/media?parent=447"}],"curies":[{"name":"wp","href":"https:\/\/api.w.org\/{rel}","templated":true}]}}