{"id":442,"date":"2023-04-02T14:08:41","date_gmt":"2023-04-02T12:08:41","guid":{"rendered":"https:\/\/www.ecofil.hu\/?page_id=442"},"modified":"2023-04-02T14:08:41","modified_gmt":"2023-04-02T12:08:41","slug":"a-szuresrol-altalaban","status":"publish","type":"page","link":"https:\/\/www.ecofil.hu\/index.php\/a-szuresrol-altalaban\/","title":{"rendered":"A sz\u0171r\u00e9sr\u0151l \u00e1ltal\u00e1ban"},"content":{"rendered":"<p>[et_pb_section fb_built=&#8221;1&#8243; _builder_version=&#8221;4.19.5&#8243; _module_preset=&#8221;default&#8221; background_color=&#8221;#E3E3E3&#8243; bottom_divider_style=&#8221;slant2&#8243; bottom_divider_color=&#8221;#E2AA49&#8243; bottom_divider_height=&#8221;30px&#8221; global_colors_info=&#8221;{}&#8221; theme_builder_area=&#8221;post_content&#8221;][et_pb_row _builder_version=&#8221;4.20.2&#8243; _module_preset=&#8221;default&#8221; global_colors_info=&#8221;{}&#8221; theme_builder_area=&#8221;post_content&#8221;][et_pb_column type=&#8221;4_4&#8243; _builder_version=&#8221;4.20.2&#8243; _module_preset=&#8221;default&#8221; global_colors_info=&#8221;{}&#8221; theme_builder_area=&#8221;post_content&#8221;][et_pb_text _builder_version=&#8221;4.20.2&#8243; _module_preset=&#8221;default&#8221; text_text_color=&#8221;#080b18&#8243; text_font_size=&#8221;30px&#8221; hover_enabled=&#8221;0&#8243; global_colors_info=&#8221;{}&#8221; theme_builder_area=&#8221;post_content&#8221; sticky_enabled=&#8221;0&#8243;]<\/p>\n<p style=\"text-align: center;\">A sz\u0171r\u00e9sr\u0151l \u00e1ltal\u00e1ban<\/p>\n<p>[\/et_pb_text][\/et_pb_column][\/et_pb_row][\/et_pb_section][et_pb_section fb_built=&#8221;1&#8243; _builder_version=&#8221;4.20.2&#8243; _module_preset=&#8221;default&#8221; background_enable_color=&#8221;off&#8221; background_image=&#8221;https:\/\/www.ecofil.hu\/wp-content\/uploads\/2023\/03\/bg6.png&#8221; top_divider_style=&#8221;slant2&#8243; top_divider_color=&#8221;#E2AA49&#8243; top_divider_height=&#8221;30px&#8221; bottom_divider_style=&#8221;slant2&#8243; bottom_divider_color=&#8221;#E2AA49&#8243; bottom_divider_height=&#8221;30px&#8221; global_colors_info=&#8221;{}&#8221; theme_builder_area=&#8221;post_content&#8221;][et_pb_row _builder_version=&#8221;4.20.2&#8243; _module_preset=&#8221;default&#8221; background_color=&#8221;#E3E3E3&#8243; custom_padding=&#8221;|20px||20px|false|true&#8221; global_colors_info=&#8221;{}&#8221; theme_builder_area=&#8221;post_content&#8221;][et_pb_column type=&#8221;4_4&#8243; _builder_version=&#8221;4.19.5&#8243; _module_preset=&#8221;default&#8221; global_colors_info=&#8221;{}&#8221; theme_builder_area=&#8221;post_content&#8221;][et_pb_text _builder_version=&#8221;4.20.2&#8243; _module_preset=&#8221;default&#8221; text_text_color=&#8221;#080B18&#8243; hover_enabled=&#8221;0&#8243; global_colors_info=&#8221;{}&#8221; theme_builder_area=&#8221;post_content&#8221; text_font_size=&#8221;16px&#8221; sticky_enabled=&#8221;0&#8243;]<\/p>\n<p>&nbsp;<\/p>\n<p>A\u00a0sz\u0171r\u00e9s egy m\u00f3dszer, amely oldhatatlan szil\u00e1rd anyagok kiv\u00e1laszt\u00e1sa folyad\u00e9kokb\u00f3l vagy g\u00e1zokb\u00f3l\u00a0a\u00a0r\u00e9szecsk\u00e9k k\u00fcl\u00f6nb\u00f6z\u0151 nagys\u00e1ga alapj\u00e1n. A\u00a0szuszpenzi\u00f3 a sz\u0171r\u0151n kereszt\u00fcl \u00e1ramlik, m\u00edg a\u00a0folyad\u00e9k\u00a0(a\u00a0sz\u0171rend\u0151 m\u00e9dium) \u00e1tfolyik, a sz\u0171r\u00e9si marad\u00e9k pedig felfog\u00f3dik a\u00a0sz\u0171r\u0151ben.<\/p>\n<p>A\u00a0sz\u0171r\u00e9sn\u00e9l nemk\u00edv\u00e1natos szubsztanci\u00f3k (szennyez\u0151d\u00e9sek)\u00a0keletkeznek, a\u00a0sz\u0171r\u0151 feladata meg\u00e1ll\u00edtani ezeket egy pontosan meghat\u00e1rozott helyen megfelel\u0151\u00a0sz\u0171r\u0151t\u00edpus vagy szepar\u00e1tor alkalmaz\u00e1s\u00e1val. Egyes szubsztanci\u00f3k elv\u00e1laszt\u00e1s\u00e1nak probl\u00e9m\u00e1j\u00e1t n\u00e9gy\u00a0alapcsoportra oszthatjuk:<\/p>\n<ul>\n<li>szepar\u00e1l\u00e1s szil\u00e1rd r\u00e9szecsk\u00e9k &#8211; g\u00e1z<\/li>\n<li>szepar\u00e1l\u00e1s szil\u00e1rd r\u00e9szecsk\u00e9k &#8211; folyad\u00e9k<\/li>\n<li>szepar\u00e1l\u00e1s folyad\u00e9k &#8211; folyad\u00e9k\u0148<\/li>\n<li>szepar\u00e1l\u00e1s szil\u00e1rd r\u00e9szecsk\u00e9k &#8211; szil\u00e1rd r\u00e9szecsk\u00e9k<\/li>\n<\/ul>\n<p>Legsz\u00e9lesebb csoport a\u00a0<strong>szil\u00e1rd r\u00e9szecsk\u00e9k \u2013 g\u00e1z szepar\u00e1l\u00e1sa<\/strong>, ezt k\u00e9pviseli a\u00a0leveg\u0151, ipari g\u00e1zok,\u00a0g\u00e1zvezet\u00e9kek, klimatiz\u00e1ci\u00f3k sz\u0171r\u00e9se, stb. Ebben a folyamatban f\u0151leg sz\u0171r\u0151ket alkalmaznak, lehetnek\u00a0m\u00e9g k\u00fcl\u00f6nb\u00f6z\u0151 t\u00edpus\u00fa szepar\u00e1torok, \u00fcled\u00e9kgy\u0171jt\u0151k \u00e9s kef\u00e9k, amelyek ezeket a\u00a0szil\u00e1rd r\u00e9szecsk\u00e9ket\u00a0elt\u00e1vol\u00edtj\u00e1k.<\/p>\n<p>A\u00a0<strong>szil\u00e1rd r\u00e9szecsk\u00e9k &#8211; folyad\u00e9k szepar\u00e1l\u00e1sa<\/strong> a\u00a0legsz\u00e9lesebb k\u00f6r\u0171 mechanikai sz\u0171r\u00e9st k\u00e9pviseli, ahol az\u00a0esetek t\u00f6bbs\u00e9g\u00e9ben viszonylag nagyobb mennyis\u00e9g\u0171 folyad\u00e9k \u00e1tsz\u0171r\u00e9se \u00e9s ugyan\u00fagy nagy\u00a0mennyis\u00e9g\u0171 szil\u00e1rd r\u00e9szecsk\u00e9k elt\u00e1vol\u00edt\u00e1sa sz\u00fcks\u00e9ges. Ezeket a\u00a0folyamatokat leggyakrabban az\u00a0iparban alkalmazz\u00e1k, ahol ezek a\u00a0folyamatok f\u00e9lig, vag teljesen automatiz\u00e1ltak. Az ekol\u00f3gia\u00a0szempontj\u00e1b\u00f3l ezen a\u00a0t\u00e9ren sz\u00e9lesk\u00f6r\u0171 alkalmaz\u00e1sa van \u00fagy az\u00a0iv\u00f3, mint a\u00a0haszn\u00e1lati v\u00edz\u00a0szepar\u00e1l\u00e1s\u00e1nak \u00e9s sz\u0171r\u00e9s\u00e9nek .<\/p>\n<p>A\u00a0<strong>folyad\u00e9k \u2013folyad\u00e9k \u00e9s a\u00a0szil\u00e1rd r\u00e9szecsk\u00e9k \u2013 szil\u00e1rd r\u00e9szecsk\u00e9k szepar\u00e1l\u00e1s<\/strong> nagyon ig\u00e9nyes a sz\u0171r\u0151\u00a0vagy a\u00a0szepar\u00e1tor helyes megv\u00e1laszt\u00e1s\u00e1nak szempontj\u00e1b\u00f3l, hogy ez a\u00a0folyamat hat\u00e9kony legyen\u00a0a\u00a0szepar\u00e1ci\u00f3 szempontj\u00e1b\u00f3l \u00e9s egyben gazdas\u00e1gos is. Ezek az alkalmaz\u00e1sok m\u00e1r magas szinten\u00a0szakos\u00edtottak, sz\u00fcks\u00e9ges a visazonylag nagy te\u00f3riai tud\u00e1s \u00e9s nem utols\u00f3 sorban szakmai tapasztalat\u00a0a\u00a0sz\u0171r\u0151 \/ szepar\u00e1tor helyes megv\u00e1laszt\u00e1s\u00e1hoz. A szepar\u00e1ci\u00f3 ezen fajt\u00e1ja a\u00a0k\u00fcl\u00f6nf\u00e9le folyamatok nagy\u00a0r\u00e9sz\u00e9ben csak partikul\u00e1risan, teh\u00e1t az ag\u00e9sz folyamat csak egy r\u00e9sz\u00e9t oldja meg.<\/p>\n<p>A\u00a0<strong>folyad\u00e9k \u2013 folyad\u00e9k szepar\u00e1ci\u00f3j\u00e1nak<\/strong> az alapm\u00f3dszere p\u00e9ld\u00e1ul a\u00a0desztil\u00e1ci\u00f3, ami nagyban\u00a0k\u00fcl\u00f6nb\u00f6zik a\u00a0felsz\u00edni sz\u0171r\u00e9st\u0151l. Ebben az esetben k\u00e9miai elj\u00e1r\u00e1ssal val\u00f3 szepar\u00e1l\u00e1sr\u00f3l van sz\u00f3. M\u00e1s\u00a0esetben p\u00e9ld\u00e1ul szepar\u00e1l\u00e1s koaleszcerek seg\u00edts\u00e9g\u00e9vel, amelyek k\u00e9pesek sz\u00e9tv\u00e1lasztani k\u00fcl\u00f6nb\u00f6z\u0151\u00a0k\u00f6lcs\u00f6n\u00f6sen \u00f6sszekapcsolt egyforma nagys\u00e1g\u00fa molekul\u00e1kat. K\u00fcl\u00f6nleges eset\u00a0k\u00e9t heterog\u00e9n anyag\u00a0a\u00a0v\u00edz \u00e9s a\u00a0sav sz\u00e9tv\u00e1laszt\u00e1sa oszmotikus membr\u00e1nok seg\u00edts\u00e9g\u00e9vel, amely a \u00a0molekul\u00e1k k\u00fcl\u00f6nb\u00f6z\u0151\u00a0nagys\u00e1g\u00e1nak elv\u00e9n alapszik.<\/p>\n<p>A szepar\u00e1l\u00e1s\u00a0legegyszer\u0171bb \u00e9s t\u00f6rt\u00e9nelmileg a\u00a0legr\u00e9gibb form\u00e1ja a\u00a0 <strong>szil\u00e1rd anyag \u2013 szil\u00e1rd anyag\u00a0szepar\u00e1l\u00e1s<\/strong> szit\u00e1n kereszt\u00fcl. Itt kihaszn\u00e1lj\u00e1k egyes r\u00e9szecsk\u00e9k m\u00e9reti tulajdons\u00e1gait. A\u00a0szepar\u00e1ci\u00f3\u00a0hat\u00e9konys\u00e1ga egy\u00e9rtelm\u0171en adott a\u00a0szita szemeinek nagys\u00e1g\u00e1t\u00f3l. Az anyagok fizikai tulajdons\u00e1gait,\u00a0mint a\u00a0m\u00e1gneses mez\u0151 a m\u00e1gneses szepar\u00e1torok haszn\u00e1lj\u00e1k ki (p\u00e9ld\u00e1ul a\u00a0vas\u00e9rc sz\u00e9tv\u00e1laszt\u00e1sa).<\/p>\n<p>A\u00a0sz\u0171r\u00e9s m\u00e9rt\u00e9ke nagyon fontos a sz\u0171r\u00e9s hat\u00e9konys\u00e1g\u00e1t\u00f3l \u00e9s a\u00a0sz\u0171r\u00e9ssel \u00f6sszef\u00fcgg\u0151\u00a0k\u00f6lts\u00e9gek szempontj\u00e1b\u00f3l. Nagy k\u00f6lts\u00e9gek r\u00e1ford\u00edt\u00e1s\u00e1val nagyon hat\u00e9kony sz\u0171r\u00e9s \u00e9rhet\u0151 el, de\u00a0konstrukci\u00f3 szempontb\u00f3l a bezendez\u00e9sen ilyen sz\u0171r\u00e9s nem sz\u00fcks\u00e9ges. Ellenkez\u0151 eset \u00e1lhat\u00a0fenn, ha gazdas\u00e1gilag a\u00a0legkedvez\u0151bb sz\u0171r\u00e9s \u00fatj\u00e1n haladunk, de az ig\u00e9nyelt berendez\u00e9s\u00a0r\u00e9sz\u00e9re ez a sz\u0171r\u00e9s kev\u00e9sb\u00e9 lesz hat\u00e9kony. Ebben az esetben a\u00a0g\u00e9p gyakran meghib\u00e1sodhat,\u00a0ez \u00e1ltal megn\u00f6vekednek a\u00a0karbantart\u00e1si k\u00f6lts\u00e9gek, vagy cs\u00f6kken a\u00a0g\u00e9p \u00e9lettartama \u00e9s\u00a0a\u00a0berendez\u00e9st gyakran kell cser\u00e9lni. Ez\u00e9rt a\u00a0d\u00f6nt\u00e9sn\u00e9l, hogy milyen fajta sz\u0171r\u00e9st v\u00e1lasszunk,\u00a0nagyon fontos hogy elegend\u0151 inform\u00e1ci\u00f3nk legyen a\u00a0g\u00e9p egyes elemeinek tisztas\u00e1g\u00e1nak\u00a0k\u00f6vetelm\u00e9nyeire, \u00a0folyamat tisztas\u00e1g\u00e1ra vagy a pontoss\u00e1g\u00e1ra (pl. megmunk\u00e1l\u00e1sn\u00e1l).<\/p>\n<p>[\/et_pb_text][\/et_pb_column][\/et_pb_row][\/et_pb_section]<\/p>\n","protected":false},"excerpt":{"rendered":"<p>A sz\u0171r\u00e9sr\u0151l \u00e1ltal\u00e1ban&nbsp; A\u00a0sz\u0171r\u00e9s egy m\u00f3dszer, amely oldhatatlan szil\u00e1rd anyagok kiv\u00e1laszt\u00e1sa folyad\u00e9kokb\u00f3l vagy g\u00e1zokb\u00f3l\u00a0a\u00a0r\u00e9szecsk\u00e9k k\u00fcl\u00f6nb\u00f6z\u0151 nagys\u00e1ga alapj\u00e1n. A\u00a0szuszpenzi\u00f3 a sz\u0171r\u0151n kereszt\u00fcl \u00e1ramlik, m\u00edg a\u00a0folyad\u00e9k\u00a0(a\u00a0sz\u0171rend\u0151 m\u00e9dium) \u00e1tfolyik, a sz\u0171r\u00e9si marad\u00e9k pedig felfog\u00f3dik a\u00a0sz\u0171r\u0151ben. A\u00a0sz\u0171r\u00e9sn\u00e9l nemk\u00edv\u00e1natos szubsztanci\u00f3k (szennyez\u0151d\u00e9sek)\u00a0keletkeznek, a\u00a0sz\u0171r\u0151 feladata meg\u00e1ll\u00edtani ezeket egy pontosan meghat\u00e1rozott helyen megfelel\u0151\u00a0sz\u0171r\u0151t\u00edpus vagy szepar\u00e1tor alkalmaz\u00e1s\u00e1val. Egyes szubsztanci\u00f3k elv\u00e1laszt\u00e1s\u00e1nak probl\u00e9m\u00e1j\u00e1t n\u00e9gy\u00a0alapcsoportra oszthatjuk: szepar\u00e1l\u00e1s [&hellip;]<\/p>\n","protected":false},"author":1,"featured_media":0,"parent":0,"menu_order":0,"comment_status":"closed","ping_status":"closed","template":"","meta":{"_et_pb_use_builder":"on","_et_pb_old_content":"","_et_gb_content_width":"","footnotes":""},"class_list":["post-442","page","type-page","status-publish","hentry"],"_links":{"self":[{"href":"https:\/\/www.ecofil.hu\/index.php\/wp-json\/wp\/v2\/pages\/442","targetHints":{"allow":["GET"]}}],"collection":[{"href":"https:\/\/www.ecofil.hu\/index.php\/wp-json\/wp\/v2\/pages"}],"about":[{"href":"https:\/\/www.ecofil.hu\/index.php\/wp-json\/wp\/v2\/types\/page"}],"author":[{"embeddable":true,"href":"https:\/\/www.ecofil.hu\/index.php\/wp-json\/wp\/v2\/users\/1"}],"replies":[{"embeddable":true,"href":"https:\/\/www.ecofil.hu\/index.php\/wp-json\/wp\/v2\/comments?post=442"}],"version-history":[{"count":3,"href":"https:\/\/www.ecofil.hu\/index.php\/wp-json\/wp\/v2\/pages\/442\/revisions"}],"predecessor-version":[{"id":446,"href":"https:\/\/www.ecofil.hu\/index.php\/wp-json\/wp\/v2\/pages\/442\/revisions\/446"}],"wp:attachment":[{"href":"https:\/\/www.ecofil.hu\/index.php\/wp-json\/wp\/v2\/media?parent=442"}],"curies":[{"name":"wp","href":"https:\/\/api.w.org\/{rel}","templated":true}]}}