{"id":315,"date":"2023-03-31T16:22:18","date_gmt":"2023-03-31T14:22:18","guid":{"rendered":"https:\/\/www.ecofil.hu\/?page_id=315"},"modified":"2023-03-31T16:22:18","modified_gmt":"2023-03-31T14:22:18","slug":"felhasznalasi-teruletek","status":"publish","type":"page","link":"https:\/\/www.ecofil.hu\/index.php\/felhasznalasi-teruletek\/","title":{"rendered":"Felhaszn\u00e1l\u00e1si ter\u00fcletek"},"content":{"rendered":"<p>[et_pb_section fb_built=&#8221;1&#8243; _builder_version=&#8221;4.19.5&#8243; _module_preset=&#8221;default&#8221; background_color=&#8221;#E3E3E3&#8243; bottom_divider_style=&#8221;slant2&#8243; bottom_divider_color=&#8221;#E2AA49&#8243; bottom_divider_height=&#8221;30px&#8221; global_colors_info=&#8221;{}&#8221; theme_builder_area=&#8221;post_content&#8221;][et_pb_row _builder_version=&#8221;4.20.2&#8243; _module_preset=&#8221;default&#8221; hover_enabled=&#8221;0&#8243; global_colors_info=&#8221;{}&#8221; theme_builder_area=&#8221;post_content&#8221; sticky_enabled=&#8221;0&#8243;][et_pb_column type=&#8221;4_4&#8243; _builder_version=&#8221;4.19.5&#8243; _module_preset=&#8221;default&#8221; global_colors_info=&#8221;{}&#8221; theme_builder_area=&#8221;post_content&#8221;][et_pb_text _builder_version=&#8221;4.20.2&#8243; _module_preset=&#8221;default&#8221; text_font=&#8221;|||on|||||&#8221; header_font=&#8221;|||on|||||&#8221; header_text_align=&#8221;left&#8221; custom_padding=&#8221;7px|||||&#8221; hover_enabled=&#8221;0&#8243; global_colors_info=&#8221;{}&#8221; theme_builder_area=&#8221;post_content&#8221; sticky_enabled=&#8221;0&#8243; text_text_color=&#8221;#080b18&#8243;]<\/p>\n<h4 style=\"text-align: center;\">Felhaszn\u00e1l\u00e1si ter\u00fcletek<\/h4>\n<p>[\/et_pb_text][\/et_pb_column][\/et_pb_row][\/et_pb_section][et_pb_section fb_built=&#8221;1&#8243; _builder_version=&#8221;4.20.2&#8243; _module_preset=&#8221;default&#8221; background_enable_color=&#8221;off&#8221; background_image=&#8221;https:\/\/www.ecofil.hu\/wp-content\/uploads\/2023\/03\/bg6.png&#8221; top_divider_style=&#8221;slant2&#8243; top_divider_color=&#8221;#E2AA49&#8243; top_divider_height=&#8221;30px&#8221; bottom_divider_style=&#8221;slant2&#8243; bottom_divider_color=&#8221;#E2AA49&#8243; bottom_divider_height=&#8221;30px&#8221; global_colors_info=&#8221;{}&#8221; theme_builder_area=&#8221;post_content&#8221;][et_pb_row _builder_version=&#8221;4.20.2&#8243; _module_preset=&#8221;default&#8221; column_structure=&#8221;1_3,1_3,1_3&#8243; theme_builder_area=&#8221;post_content&#8221;][et_pb_column _builder_version=&#8221;4.20.2&#8243; _module_preset=&#8221;default&#8221; type=&#8221;1_3&#8243; theme_builder_area=&#8221;post_content&#8221;][et_pb_text _builder_version=&#8221;4.20.2&#8243; _module_preset=&#8221;default&#8221; theme_builder_area=&#8221;post_content&#8221; text_font=&#8221;|||on|||||&#8221; text_text_color=&#8221;#080b18&#8243; text_font_size=&#8221;20px&#8221; hover_enabled=&#8221;0&#8243; sticky_enabled=&#8221;0&#8243;]<\/p>\n<p style=\"text-align: center;\">J\u00e1rm\u0171ipar<\/p>\n<p>[\/et_pb_text][et_pb_image src=&#8221;https:\/\/www.ecofil.hu\/wp-content\/uploads\/2023\/03\/engines.png&#8221; _builder_version=&#8221;4.20.2&#8243; _module_preset=&#8221;default&#8221; theme_builder_area=&#8221;post_content&#8221; alt=&#8221;engines&#8221; title_text=&#8221;engines&#8221; hover_enabled=&#8221;0&#8243; sticky_enabled=&#8221;0&#8243;][\/et_pb_image][et_pb_text _builder_version=&#8221;4.20.2&#8243; _module_preset=&#8221;default&#8221; theme_builder_area=&#8221;post_content&#8221; text_font=&#8221;|||on|||||&#8221; hover_enabled=&#8221;0&#8243; sticky_enabled=&#8221;0&#8243; text_text_color=&#8221;#080b18&#8243;]<\/p>\n<ul>\n<li>Teheraut\u00f3k<\/li>\n<li>Gener\u00e1torok<\/li>\n<li>Hadipari g\u00e9pek<\/li>\n<li>Vas\u00fati j\u00e1rm\u0171vek<\/li>\n<li>Buszok<\/li>\n<li>Traktorok<\/li>\n<li>Arat\u00f3g\u00e9pek<\/li>\n<li>Rakod\u00f3k<\/li>\n<li>Kotr\u00f3g\u00e9pek<\/li>\n<li>Targonc\u00e1k<\/li>\n<\/ul>\n<p>[\/et_pb_text][\/et_pb_column][et_pb_column _builder_version=&#8221;4.20.2&#8243; _module_preset=&#8221;default&#8221; type=&#8221;1_3&#8243; theme_builder_area=&#8221;post_content&#8221;][et_pb_text _builder_version=&#8221;4.20.2&#8243; _module_preset=&#8221;default&#8221; theme_builder_area=&#8221;post_content&#8221; text_font=&#8221;|||on|||||&#8221; text_text_color=&#8221;#080b18&#8243; text_font_size=&#8221;20px&#8221; hover_enabled=&#8221;0&#8243; sticky_enabled=&#8221;0&#8243;]<\/p>\n<p style=\"text-align: center;\">Ipari rendszerek<\/p>\n<p>[\/et_pb_text][et_pb_image src=&#8221;https:\/\/www.ecofil.hu\/wp-content\/uploads\/2023\/03\/systems.png&#8221; _builder_version=&#8221;4.20.2&#8243; _module_preset=&#8221;default&#8221; theme_builder_area=&#8221;post_content&#8221; title_text=&#8221;systems&#8221; hover_enabled=&#8221;0&#8243; sticky_enabled=&#8221;0&#8243;][\/et_pb_image][et_pb_text _builder_version=&#8221;4.20.2&#8243; _module_preset=&#8221;default&#8221; theme_builder_area=&#8221;post_content&#8221; text_font=&#8221;|||on|||||&#8221; hover_enabled=&#8221;0&#8243; sticky_enabled=&#8221;0&#8243; text_text_color=&#8221;#080b18&#8243;]<\/p>\n<ul>\n<li>Hidraulikus rendszerek<\/li>\n<li>Fr\u00f6ccs\u00f6nt\u0151 g\u00e9pek<\/li>\n<li>Glikol rendszerek<\/li>\n<li>Al\u00e1llom\u00e1sok \u00e9s transzform\u00e1torok<\/li>\n<li>Termikus olajrendszerek<\/li>\n<li>Olajh\u0171t\u0151 rendszerek<\/li>\n<li>Rendszerek n\u00f6v\u00e9nyi olajjal<\/li>\n<li>B\u00e1ny\u00e1szati g\u00e9pek<\/li>\n<li>Sebess\u00e9gv\u00e1lt\u00f3k<\/li>\n<li>Gumiipari g\u00e9pek<\/li>\n<li>Turbin\u00e1k<\/li>\n<li>Kompresszorok<\/li>\n<li>Ipari berendez\u00e9sek<\/li>\n<li>Ipari olajrendszerek<\/li>\n<li>Ipari ken\u0151rendszerek<\/li>\n<li>F\u00far\u00f3tornyok<\/li>\n<li>Fegyverrendszerek<\/li>\n<\/ul>\n<p>[\/et_pb_text][\/et_pb_column][et_pb_column _builder_version=&#8221;4.20.2&#8243; _module_preset=&#8221;default&#8221; type=&#8221;1_3&#8243; theme_builder_area=&#8221;post_content&#8221;][et_pb_text _builder_version=&#8221;4.20.2&#8243; _module_preset=&#8221;default&#8221; theme_builder_area=&#8221;post_content&#8221; text_font=&#8221;|||on|||||&#8221; text_text_color=&#8221;#080b18&#8243; text_font_size=&#8221;20px&#8221; hover_enabled=&#8221;0&#8243; sticky_enabled=&#8221;0&#8243;]<\/p>\n<p style=\"text-align: center;\">Szektorok<\/p>\n<p>[\/et_pb_text][et_pb_image src=&#8221;https:\/\/www.ecofil.hu\/wp-content\/uploads\/2023\/03\/industry.png&#8221; _builder_version=&#8221;4.20.2&#8243; _module_preset=&#8221;default&#8221; theme_builder_area=&#8221;post_content&#8221; title_text=&#8221;industry&#8221; hover_enabled=&#8221;0&#8243; sticky_enabled=&#8221;0&#8243;][\/et_pb_image][et_pb_text _builder_version=&#8221;4.20.2&#8243; _module_preset=&#8221;default&#8221; theme_builder_area=&#8221;post_content&#8221; text_font=&#8221;|||on|||||&#8221; hover_enabled=&#8221;0&#8243; sticky_enabled=&#8221;0&#8243; text_text_color=&#8221;#080b18&#8243;]<\/p>\n<ul>\n<li>Energiagazd\u00e1lkod\u00e1s<\/li>\n<li>B\u00e1ny\u00e1szat<\/li>\n<li>K\u0151fejt\u00e9s<\/li>\n<li>Olajipar<\/li>\n<li>\u00c9p\u00edtkez\u00e9s<\/li>\n<li>Hadsereg \u00e9s katonas\u00e1g<\/li>\n<li>Tenger\u00e9szet<\/li>\n<li>Cs\u00f3nakok, haj\u00f3sz\u00e1ll\u00edt\u00e1s<\/li>\n<li>Hal\u00e1szat<\/li>\n<li>\u00c9lelmiszeripar<\/li>\n<li>Mez\u0151gazdas\u00e1g<\/li>\n<li>Faipar<\/li>\n<li>Hullad\u00e9kkezel\u00e9s<\/li>\n<li>Fakitermel\u00e9s<\/li>\n<li>Vas\u00fati berendez\u00e9sek<\/li>\n<li>Ipari nyomd\u00e1k, kiad\u00f3k<\/li>\n<li>Katonai felszerel\u00e9s<\/li>\n<li>Pap\u00edripar<\/li>\n<li>Gumiipar<\/li>\n<\/ul>\n<p>[\/et_pb_text][\/et_pb_column][\/et_pb_row][\/et_pb_section]<\/p>\n","protected":false},"excerpt":{"rendered":"<p>Felhaszn\u00e1l\u00e1si ter\u00fcletekJ\u00e1rm\u0171ipar Teheraut\u00f3k Gener\u00e1torok Hadipari g\u00e9pek Vas\u00fati j\u00e1rm\u0171vek Buszok Traktorok Arat\u00f3g\u00e9pek Rakod\u00f3k Kotr\u00f3g\u00e9pek Targonc\u00e1k Ipari rendszerek Hidraulikus rendszerek Fr\u00f6ccs\u00f6nt\u0151 g\u00e9pek Glikol rendszerek Al\u00e1llom\u00e1sok \u00e9s transzform\u00e1torok Termikus olajrendszerek Olajh\u0171t\u0151 rendszerek Rendszerek n\u00f6v\u00e9nyi olajjal B\u00e1ny\u00e1szati g\u00e9pek Sebess\u00e9gv\u00e1lt\u00f3k Gumiipari g\u00e9pek Turbin\u00e1k Kompresszorok Ipari berendez\u00e9sek Ipari olajrendszerek Ipari ken\u0151rendszerek F\u00far\u00f3tornyok Fegyverrendszerek Szektorok Energiagazd\u00e1lkod\u00e1s B\u00e1ny\u00e1szat K\u0151fejt\u00e9s Olajipar \u00c9p\u00edtkez\u00e9s Hadsereg \u00e9s [&hellip;]<\/p>\n","protected":false},"author":1,"featured_media":0,"parent":0,"menu_order":0,"comment_status":"closed","ping_status":"closed","template":"","meta":{"_et_pb_use_builder":"on","_et_pb_old_content":"","_et_gb_content_width":"","footnotes":""},"class_list":["post-315","page","type-page","status-publish","hentry"],"_links":{"self":[{"href":"https:\/\/www.ecofil.hu\/index.php\/wp-json\/wp\/v2\/pages\/315","targetHints":{"allow":["GET"]}}],"collection":[{"href":"https:\/\/www.ecofil.hu\/index.php\/wp-json\/wp\/v2\/pages"}],"about":[{"href":"https:\/\/www.ecofil.hu\/index.php\/wp-json\/wp\/v2\/types\/page"}],"author":[{"embeddable":true,"href":"https:\/\/www.ecofil.hu\/index.php\/wp-json\/wp\/v2\/users\/1"}],"replies":[{"embeddable":true,"href":"https:\/\/www.ecofil.hu\/index.php\/wp-json\/wp\/v2\/comments?post=315"}],"version-history":[{"count":2,"href":"https:\/\/www.ecofil.hu\/index.php\/wp-json\/wp\/v2\/pages\/315\/revisions"}],"predecessor-version":[{"id":321,"href":"https:\/\/www.ecofil.hu\/index.php\/wp-json\/wp\/v2\/pages\/315\/revisions\/321"}],"wp:attachment":[{"href":"https:\/\/www.ecofil.hu\/index.php\/wp-json\/wp\/v2\/media?parent=315"}],"curies":[{"name":"wp","href":"https:\/\/api.w.org\/{rel}","templated":true}]}}