{"id":287,"date":"2023-03-31T15:47:43","date_gmt":"2023-03-31T13:47:43","guid":{"rendered":"https:\/\/www.ecofil.hu\/?page_id=287"},"modified":"2023-04-02T14:31:11","modified_gmt":"2023-04-02T12:31:11","slug":"olajlabor","status":"publish","type":"page","link":"https:\/\/www.ecofil.hu\/index.php\/olajlabor\/","title":{"rendered":"Olajlabor"},"content":{"rendered":"<p>[et_pb_section fb_built=&#8221;1&#8243; _builder_version=&#8221;4.19.5&#8243; _module_preset=&#8221;default&#8221; background_color=&#8221;#E3E3E3&#8243; bottom_divider_style=&#8221;slant2&#8243; bottom_divider_color=&#8221;#E2AA49&#8243; bottom_divider_height=&#8221;30px&#8221; global_colors_info=&#8221;{}&#8221;][et_pb_row column_structure=&#8221;3_5,2_5&#8243; _builder_version=&#8221;4.20.2&#8243; _module_preset=&#8221;default&#8221; hover_enabled=&#8221;0&#8243; global_colors_info=&#8221;{}&#8221; sticky_enabled=&#8221;0&#8243;][et_pb_column type=&#8221;3_5&#8243; _builder_version=&#8221;4.19.5&#8243; _module_preset=&#8221;default&#8221; global_colors_info=&#8221;{}&#8221;][et_pb_text _builder_version=&#8221;4.20.2&#8243; _module_preset=&#8221;default&#8221; text_font=&#8221;|||on|||||&#8221; header_font=&#8221;|||on|||||&#8221; header_text_align=&#8221;left&#8221; hover_enabled=&#8221;0&#8243; global_colors_info=&#8221;{}&#8221; sticky_enabled=&#8221;0&#8243;]<\/p>\n<h4><strong>Olajlabor<\/strong><\/h4>\n<p>[\/et_pb_text][et_pb_text _builder_version=&#8221;4.20.2&#8243; _module_preset=&#8221;default&#8221; text_text_color=&#8221;#080b18&#8243; hover_enabled=&#8221;0&#8243; global_colors_info=&#8221;{}&#8221; text_font_size=&#8221;16px&#8221; sticky_enabled=&#8221;0&#8243;]<\/p>\n<h4>Mobil olajlabor munkafolyad\u00e9k tisztas\u00e1gi oszt\u00e1ly\u00e1nak \u00e9s v\u00edztartalom meghat\u00e1roz\u00e1s\u00e1ra, ISO 4406 szabv\u00e1ny szerint<\/h4>\n<p>A\u00a0v\u00edz \u00e9s a\u00a0szennyez\u0151 anyagok minden hidraulikus rendszerben jelen vannak. Legfontosabb k\u00fcl\u00f6nbs\u00e9g\u00a0a\u00a0k\u00fcl\u00f6nb\u00f6z\u0151 rendszerek szennyez\u0151d\u00e9si foka k\u00f6z\u00f6tt a\u00a0r\u00e9szecsk\u00e9k sz\u00e1ma \u00e9s nagys\u00e1ga. Minden elem\u00a0ahol a\u00a0csatlakoz\u00f3 r\u00e9szek egyike a\u00a0m\u00e1sikhoz viszony\u00edtva mozog, \u00e9rz\u00e9kenyek a\u00a0r\u00e9szecsk\u00e9kkel val\u00f3\u00a0szennyez\u0151d\u00e9sre. Az \u00e9rz\u00e9kenys\u00e9g foka az elemek m\u0171k\u00f6d\u00e9s\u00e9t\u0151l \u00e9s szerkezet\u00e9t\u0151l f\u00fcgg. Ha az elv\u00e9gzett\u00a0sz\u0171r\u00e9s egyezik a toler\u00e1lt szint\u0171 szennyez\u0151d\u00e9ssel, a\u00a0rendszer hossz\u00fa ideig fog m\u0171k\u00f6dni az\u00a0elhaszn\u00e1l\u00f3d\u00e1s jelei, vagy a\u00a0teljes\u00edtm\u00e9ny cs\u00f6kken\u00e9se n\u00e9lk\u00fcl. A hidraulikus rendszerekn\u00e9l \u00e1ltal\u00e1nosan\u00a0elfogadott t\u00e9ny, hogy az alkatr\u00e9szek, vagy a\u00a0rendszer legt\u00f6bb, id\u0151 el\u0151tti meghib\u00e1sod\u00e1s\u00e1t\u00a0a\u00a0r\u00e9szecsk\u00e9kkel val\u00f3 szennyez\u0151d\u00e9s okozza.<\/p>\n<p>Ahhoz, hogy meg\u00e1llap\u00edtsuk a\u00a0rendszerben l\u00e9v\u0151 r\u00e9szecsk\u00e9k sz\u00e1m\u00e1t, rendszeres ellen\u0151rz\u00e9st kell\u00a0v\u00e9gezni. A\u00a0folyad\u00e9k analiz\u00e1l\u00e1s\u00e1ra szolg\u00e1l\u00f3 tesztk\u00e9szlet egyszer\u0171 elj\u00e1r\u00e1st ny\u00fajt a\u00a0rendszerben l\u00e9v\u0151\u00a0r\u00e9szecsk\u00e9k min\u0151s\u00e9gi elemz\u00e9s\u00e9nek elv\u00e9gz\u00e9s\u00e9hez. A\u00a0k\u00e9szlet haszn\u00e1lat\u00e1val m\u00e9g az elej\u00e9n tudjuk\u00a0diagnosztiz\u00e1lni a\u00a0probl\u00e9m\u00e1kat, amikor m\u00e9g elegend\u0151 kisebb jav\u00edt\u00e1sokat elv\u00e9gezni ahelyett, hogy\u00a0kiterjedt beavatkoz\u00e1st kellene v\u00e9gezni a\u00a0rendszerben.<\/p>\n<p>Az elemz\u0151k\u00e9szlet seg\u00edts\u00e9g\u00e9vel elemezni tudjuk a szennyez\u0151d\u00e9st,\u00a0 v\u00edztartalmat \u00e9s az olaj viszkozit\u00e1s\u00e1t.<\/p>\n<p>[\/et_pb_text][\/et_pb_column][et_pb_column type=&#8221;2_5&#8243; _builder_version=&#8221;4.19.5&#8243; _module_preset=&#8221;default&#8221; global_colors_info=&#8221;{}&#8221;][et_pb_image src=&#8221;https:\/\/www.ecofil.hu\/wp-content\/uploads\/2023\/03\/oil_analysis_category.png&#8221; alt=&#8221;oil_analysis_category&#8221; title_text=&#8221;oil_analysis_category&#8221; align=&#8221;right&#8221; _builder_version=&#8221;4.20.2&#8243; _module_preset=&#8221;default&#8221; custom_margin=&#8221;100px||||false|false&#8221; global_colors_info=&#8221;{}&#8221;][\/et_pb_image][\/et_pb_column][\/et_pb_row][\/et_pb_section][et_pb_section fb_built=&#8221;1&#8243; _builder_version=&#8221;4.20.2&#8243; _module_preset=&#8221;default&#8221; background_enable_color=&#8221;off&#8221; background_image=&#8221;https:\/\/www.ecofil.hu\/wp-content\/uploads\/2023\/03\/bg6.png&#8221; top_divider_style=&#8221;slant2&#8243; top_divider_color=&#8221;#E2AA49&#8243; top_divider_height=&#8221;30px&#8221; bottom_divider_style=&#8221;slant2&#8243; bottom_divider_color=&#8221;#E2AA49&#8243; bottom_divider_height=&#8221;30px&#8221; global_colors_info=&#8221;{}&#8221;][et_pb_row _builder_version=&#8221;4.20.2&#8243; _module_preset=&#8221;default&#8221; global_colors_info=&#8221;{}&#8221;][et_pb_column type=&#8221;4_4&#8243; _builder_version=&#8221;4.20.2&#8243; _module_preset=&#8221;default&#8221; global_colors_info=&#8221;{}&#8221;][et_pb_gallery gallery_ids=&#8221;290,291,292,293,294&#8243; orientation=&#8221;portrait&#8221; show_title_and_caption=&#8221;off&#8221; show_pagination=&#8221;off&#8221; _builder_version=&#8221;4.20.2&#8243; _module_preset=&#8221;default&#8221; global_colors_info=&#8221;{}&#8221;][\/et_pb_gallery][\/et_pb_column][\/et_pb_row][\/et_pb_section]<\/p>\n","protected":false},"excerpt":{"rendered":"<p>OlajlaborMobil olajlabor munkafolyad\u00e9k tisztas\u00e1gi oszt\u00e1ly\u00e1nak \u00e9s v\u00edztartalom meghat\u00e1roz\u00e1s\u00e1ra, ISO 4406 szabv\u00e1ny szerint A\u00a0v\u00edz \u00e9s a\u00a0szennyez\u0151 anyagok minden hidraulikus rendszerben jelen vannak. Legfontosabb k\u00fcl\u00f6nbs\u00e9g\u00a0a\u00a0k\u00fcl\u00f6nb\u00f6z\u0151 rendszerek szennyez\u0151d\u00e9si foka k\u00f6z\u00f6tt a\u00a0r\u00e9szecsk\u00e9k sz\u00e1ma \u00e9s nagys\u00e1ga. Minden elem\u00a0ahol a\u00a0csatlakoz\u00f3 r\u00e9szek egyike a\u00a0m\u00e1sikhoz viszony\u00edtva mozog, \u00e9rz\u00e9kenyek a\u00a0r\u00e9szecsk\u00e9kkel val\u00f3\u00a0szennyez\u0151d\u00e9sre. Az \u00e9rz\u00e9kenys\u00e9g foka az elemek m\u0171k\u00f6d\u00e9s\u00e9t\u0151l \u00e9s szerkezet\u00e9t\u0151l f\u00fcgg. Ha az elv\u00e9gzett\u00a0sz\u0171r\u00e9s egyezik [&hellip;]<\/p>\n","protected":false},"author":1,"featured_media":0,"parent":0,"menu_order":0,"comment_status":"closed","ping_status":"closed","template":"","meta":{"_et_pb_use_builder":"on","_et_pb_old_content":"","_et_gb_content_width":"","footnotes":""},"class_list":["post-287","page","type-page","status-publish","hentry"],"_links":{"self":[{"href":"https:\/\/www.ecofil.hu\/index.php\/wp-json\/wp\/v2\/pages\/287","targetHints":{"allow":["GET"]}}],"collection":[{"href":"https:\/\/www.ecofil.hu\/index.php\/wp-json\/wp\/v2\/pages"}],"about":[{"href":"https:\/\/www.ecofil.hu\/index.php\/wp-json\/wp\/v2\/types\/page"}],"author":[{"embeddable":true,"href":"https:\/\/www.ecofil.hu\/index.php\/wp-json\/wp\/v2\/users\/1"}],"replies":[{"embeddable":true,"href":"https:\/\/www.ecofil.hu\/index.php\/wp-json\/wp\/v2\/comments?post=287"}],"version-history":[{"count":3,"href":"https:\/\/www.ecofil.hu\/index.php\/wp-json\/wp\/v2\/pages\/287\/revisions"}],"predecessor-version":[{"id":482,"href":"https:\/\/www.ecofil.hu\/index.php\/wp-json\/wp\/v2\/pages\/287\/revisions\/482"}],"wp:attachment":[{"href":"https:\/\/www.ecofil.hu\/index.php\/wp-json\/wp\/v2\/media?parent=287"}],"curies":[{"name":"wp","href":"https:\/\/api.w.org\/{rel}","templated":true}]}}